{"id":696,"date":"2022-04-14T07:14:02","date_gmt":"2022-04-14T07:14:02","guid":{"rendered":"https:\/\/loire.qodeinteractive.com\/?post_type=product&#038;p=696"},"modified":"2026-02-20T11:14:35","modified_gmt":"2026-02-20T11:14:35","slug":"grasac","status":"publish","type":"product","link":"https:\/\/www.vinarijamilanovic.rs\/en\/product\/grasac\/","title":{"rendered":"GRA\u0160AC"},"content":{"rendered":"<p>Gra\u0161ac, autohtona sorta Panonskog basena, vino je koje se ne name\u0107e snagom, ve\u0107 karakterom. Miris je \u010dist i precizan, sa notama zelene jabuke, kru\u0161ke i vinogradarske breskve, uz<br \/>\ndiskretne herbalne i bademaste nijanse koje prate sortnu prepoznatljivost. Sve\u017eina je njegova klju\u010dna osobina.<br \/>\nNa nepcu je suvo, laganog do srednjeg tela, sa fino izbalansiranom kiselinom koja mu daje izuzetnu pitkost i gastronomski potencijal.<br \/>\nVino koje ne tra\u017ei povod, ve\u0107 ga stvara.<\/p>","protected":false},"excerpt":{"rendered":"<p>Gra\u0161ac, autohtona sorta Panonskog basena, vino je koje se ne name\u0107e snagom, ve\u0107 karakterom.<\/p>","protected":false},"featured_media":5713,"comment_status":"open","ping_status":"closed","template":"","meta":[],"product_brand":[],"product_cat":[55],"product_tag":[54],"class_list":{"0":"post-696","1":"product","2":"type-product","3":"status-publish","4":"has-post-thumbnail","6":"product_cat-wine","7":"product_tag-wine","9":"first","10":"instock","11":"shipping-taxable","12":"purchasable","13":"product-type-simple"},"aioseo_notices":[],"_links":{"self":[{"href":"https:\/\/www.vinarijamilanovic.rs\/en\/wp-json\/wp\/v2\/product\/696","targetHints":{"allow":["GET"]}}],"collection":[{"href":"https:\/\/www.vinarijamilanovic.rs\/en\/wp-json\/wp\/v2\/product"}],"about":[{"href":"https:\/\/www.vinarijamilanovic.rs\/en\/wp-json\/wp\/v2\/types\/product"}],"replies":[{"embeddable":true,"href":"https:\/\/www.vinarijamilanovic.rs\/en\/wp-json\/wp\/v2\/comments?post=696"}],"wp:featuredmedia":[{"embeddable":true,"href":"https:\/\/www.vinarijamilanovic.rs\/en\/wp-json\/wp\/v2\/media\/5713"}],"wp:attachment":[{"href":"https:\/\/www.vinarijamilanovic.rs\/en\/wp-json\/wp\/v2\/media?parent=696"}],"wp:term":[{"taxonomy":"product_brand","embeddable":true,"href":"https:\/\/www.vinarijamilanovic.rs\/en\/wp-json\/wp\/v2\/product_brand?post=696"},{"taxonomy":"product_cat","embeddable":true,"href":"https:\/\/www.vinarijamilanovic.rs\/en\/wp-json\/wp\/v2\/product_cat?post=696"},{"taxonomy":"product_tag","embeddable":true,"href":"https:\/\/www.vinarijamilanovic.rs\/en\/wp-json\/wp\/v2\/product_tag?post=696"}],"curies":[{"name":"wp","href":"https:\/\/api.w.org\/{rel}","templated":true}]}}