{"id":693,"date":"2022-04-14T07:12:08","date_gmt":"2022-04-14T07:12:08","guid":{"rendered":"https:\/\/loire.qodeinteractive.com\/?post_type=product&#038;p=693"},"modified":"2026-02-20T11:14:37","modified_gmt":"2026-02-20T11:14:37","slug":"neoplanta","status":"publish","type":"product","link":"https:\/\/www.vinarijamilanovic.rs\/en\/product\/neoplanta\/","title":{"rendered":"NEOPLANTA"},"content":{"rendered":"<p>Neoplanta nosi ime starog latinskog naziva za Novi Sad i s pravom se smatra jednom od najprefinjenijih doma\u0107ih sorti. Spada u grupu aromati\u010dnih, cvetnih vina i \u010desto se naziva prvom damom na\u0161ih vinograda. Dominiraju cvetni mirisi zove, bagrema i lipe, uz vo\u0107ne note vinogradarske breskve, jabuke sorte zlatni deli\u0161es i diskretnih citrusa koji donose \u017eivost i sve\u017einu.<br \/>\nIako je vino potpuno suvo, bez zaostalog \u0161e\u0107era, \u010desto se do\u017eivljava kao blago slatkasto, zahvaljuju\u0107i intenzivnom cvetnom karakteru. Na nepcu je laganog tela,<br \/>\nnenametljive strukture i izuzetne pitkosti. Osve\u017eava i lako pronalazi mesto i kao aperitiv i uz hranu, pa \u010dak i uz lagane deserte.<\/p>","protected":false},"excerpt":{"rendered":"<p>Neoplanta nosi ime starog latinskog naziva za Novi Sad i s pravom se smatra jednom od najprefinjenijih doma\u0107ih sorti.<\/p>","protected":false},"featured_media":5714,"comment_status":"open","ping_status":"closed","template":"","meta":[],"product_brand":[],"product_cat":[55],"product_tag":[54],"class_list":{"0":"post-693","1":"product","2":"type-product","3":"status-publish","4":"has-post-thumbnail","6":"product_cat-wine","7":"product_tag-wine","9":"first","10":"instock","11":"shipping-taxable","12":"purchasable","13":"product-type-simple"},"aioseo_notices":[],"_links":{"self":[{"href":"https:\/\/www.vinarijamilanovic.rs\/en\/wp-json\/wp\/v2\/product\/693","targetHints":{"allow":["GET"]}}],"collection":[{"href":"https:\/\/www.vinarijamilanovic.rs\/en\/wp-json\/wp\/v2\/product"}],"about":[{"href":"https:\/\/www.vinarijamilanovic.rs\/en\/wp-json\/wp\/v2\/types\/product"}],"replies":[{"embeddable":true,"href":"https:\/\/www.vinarijamilanovic.rs\/en\/wp-json\/wp\/v2\/comments?post=693"}],"wp:featuredmedia":[{"embeddable":true,"href":"https:\/\/www.vinarijamilanovic.rs\/en\/wp-json\/wp\/v2\/media\/5714"}],"wp:attachment":[{"href":"https:\/\/www.vinarijamilanovic.rs\/en\/wp-json\/wp\/v2\/media?parent=693"}],"wp:term":[{"taxonomy":"product_brand","embeddable":true,"href":"https:\/\/www.vinarijamilanovic.rs\/en\/wp-json\/wp\/v2\/product_brand?post=693"},{"taxonomy":"product_cat","embeddable":true,"href":"https:\/\/www.vinarijamilanovic.rs\/en\/wp-json\/wp\/v2\/product_cat?post=693"},{"taxonomy":"product_tag","embeddable":true,"href":"https:\/\/www.vinarijamilanovic.rs\/en\/wp-json\/wp\/v2\/product_tag?post=693"}],"curies":[{"name":"wp","href":"https:\/\/api.w.org\/{rel}","templated":true}]}}