{"id":690,"date":"2022-04-14T07:10:59","date_gmt":"2022-04-14T07:10:59","guid":{"rendered":"https:\/\/loire.qodeinteractive.com\/?post_type=product&#038;p=690"},"modified":"2026-02-20T11:14:39","modified_gmt":"2026-02-20T11:14:39","slug":"probus","status":"publish","type":"product","link":"https:\/\/www.vinarijamilanovic.rs\/en\/product\/probus\/","title":{"rendered":"PROBUS"},"content":{"rendered":"<p>Probus je doma\u0107a crvena sorta nastala u Sremskim Karlovcima, na tlu sa dubokom vinogradarskom tradicijom.<br \/>\nAromatski profil je tamno-vo\u0107an i so\u010dan. Dominiraju kupina, crna vi\u0161nja i borovnica, uz suptilne za\u010dinske i blago \u010dokoladne tonove.<\/p>\n<p>Povremeno se javlja i ne\u017ena nota ljubi\u010dice, prepoznatljiv potpis sorte. Na nepcu je suvo, puno, ali nikada te\u0161ko. Tanini su zreli i svilenkasti, dok sve\u017ea<br \/>\nkiselina odr\u017eava strukturu \u017eivom i dinami\u010dnom.<\/p>\n<p>Ovo je vino koje voli hranu, razgovor i vreme. Crveno vino sa doma\u0107om du\u0161om i jasno izra\u017eenim svetskim stavom.<\/p>","protected":false},"excerpt":{"rendered":"<p>Probus je doma\u0107a crvena sorta nastala u Sremskim Karlovcima, na tlu sa dubokom vinogradarskom tradicijom.<\/p>","protected":false},"featured_media":5715,"comment_status":"open","ping_status":"closed","template":"","meta":[],"product_brand":[],"product_cat":[55],"product_tag":[54],"class_list":{"0":"post-690","1":"product","2":"type-product","3":"status-publish","4":"has-post-thumbnail","6":"product_cat-wine","7":"product_tag-wine","9":"first","10":"instock","11":"shipping-taxable","12":"purchasable","13":"product-type-simple"},"aioseo_notices":[],"_links":{"self":[{"href":"https:\/\/www.vinarijamilanovic.rs\/en\/wp-json\/wp\/v2\/product\/690","targetHints":{"allow":["GET"]}}],"collection":[{"href":"https:\/\/www.vinarijamilanovic.rs\/en\/wp-json\/wp\/v2\/product"}],"about":[{"href":"https:\/\/www.vinarijamilanovic.rs\/en\/wp-json\/wp\/v2\/types\/product"}],"replies":[{"embeddable":true,"href":"https:\/\/www.vinarijamilanovic.rs\/en\/wp-json\/wp\/v2\/comments?post=690"}],"wp:featuredmedia":[{"embeddable":true,"href":"https:\/\/www.vinarijamilanovic.rs\/en\/wp-json\/wp\/v2\/media\/5715"}],"wp:attachment":[{"href":"https:\/\/www.vinarijamilanovic.rs\/en\/wp-json\/wp\/v2\/media?parent=690"}],"wp:term":[{"taxonomy":"product_brand","embeddable":true,"href":"https:\/\/www.vinarijamilanovic.rs\/en\/wp-json\/wp\/v2\/product_brand?post=690"},{"taxonomy":"product_cat","embeddable":true,"href":"https:\/\/www.vinarijamilanovic.rs\/en\/wp-json\/wp\/v2\/product_cat?post=690"},{"taxonomy":"product_tag","embeddable":true,"href":"https:\/\/www.vinarijamilanovic.rs\/en\/wp-json\/wp\/v2\/product_tag?post=690"}],"curies":[{"name":"wp","href":"https:\/\/api.w.org\/{rel}","templated":true}]}}